{"id":2340,"date":"2021-04-24T20:19:53","date_gmt":"2021-04-24T20:19:53","guid":{"rendered":"https:\/\/www.gaherma.com\/serveis-enginyeria-i-consultoria\/disseny-i-fabricacio-de-maquinaria-i-utils-a-mida\/"},"modified":"2021-06-14T14:11:25","modified_gmt":"2021-06-14T14:11:25","slug":"disseny-i-fabricacio-de-maquinaria-i-utils-a-mida","status":"publish","type":"page","link":"https:\/\/www.gaherma.com\/ca\/serveis-enginyeria-i-consultoria\/disseny-i-fabricacio-de-maquinaria-i-utils-a-mida\/","title":{"rendered":"Disseny i fabricaci\u00f3 de maquin\u00e0ria i \u00fatils a mida"},"content":{"rendered":"\t\t<div data-elementor-type=\"wp-page\" data-elementor-id=\"2340\" class=\"elementor elementor-2340 elementor-82\" data-elementor-post-type=\"page\">\n\t\t\t\t\t\t<section class=\"elementor-section elementor-top-section elementor-element elementor-element-ceab256 elementor-section-height-min-height elementor-section-items-bottom elementor-section-boxed elementor-section-height-default\" data-id=\"ceab256\" data-element_type=\"section\" data-e-type=\"section\" data-settings=\"{&quot;background_background&quot;:&quot;classic&quot;}\">\n\t\t\t\t\t\t\t<div class=\"elementor-background-overlay\"><\/div>\n\t\t\t\t\t\t\t<div class=\"elementor-container elementor-column-gap-default\">\n\t\t\t\t\t<div class=\"elementor-column elementor-col-100 elementor-top-column elementor-element elementor-element-013b091\" data-id=\"013b091\" data-element_type=\"column\" data-e-type=\"column\">\n\t\t\t<div class=\"elementor-widget-wrap elementor-element-populated\">\n\t\t\t\t\t\t<div class=\"elementor-element elementor-element-89b0628 elementor-widget elementor-widget-heading\" data-id=\"89b0628\" data-element_type=\"widget\" data-e-type=\"widget\" data-widget_type=\"heading.default\">\n\t\t\t\t<div class=\"elementor-widget-container\">\n\t\t\t\t\t<h2 class=\"elementor-heading-title elementor-size-default\">SERVEIS D'ENGINYERIA I CONSULTORIA <\/h2>\t\t\t\t<\/div>\n\t\t\t\t<\/div>\n\t\t\t\t<div class=\"elementor-element elementor-element-1d08ff2 elementor-widget elementor-widget-heading\" data-id=\"1d08ff2\" data-element_type=\"widget\" data-e-type=\"widget\" data-widget_type=\"heading.default\">\n\t\t\t\t<div class=\"elementor-widget-container\">\n\t\t\t\t\t<h1 class=\"elementor-heading-title elementor-size-default\">Disseny i fabricaci\u00f3 de <br><span style=\"color:#BD2D24\">maquin\u00e0ria i \u00fatils a mida <\/span><\/h1>\t\t\t\t<\/div>\n\t\t\t\t<\/div>\n\t\t\t\t<div class=\"elementor-element elementor-element-e7944ee elementor-widget elementor-widget-spacer\" data-id=\"e7944ee\" data-element_type=\"widget\" data-e-type=\"widget\" data-widget_type=\"spacer.default\">\n\t\t\t\t<div class=\"elementor-widget-container\">\n\t\t\t\t\t\t\t<div class=\"elementor-spacer\">\n\t\t\t<div class=\"elementor-spacer-inner\"><\/div>\n\t\t<\/div>\n\t\t\t\t\t\t<\/div>\n\t\t\t\t<\/div>\n\t\t\t\t<div class=\"elementor-element elementor-element-f278a21 elementor-view-default elementor-invisible elementor-widget elementor-widget-icon\" data-id=\"f278a21\" data-element_type=\"widget\" data-e-type=\"widget\" data-settings=\"{&quot;_animation&quot;:&quot;fadeInUp&quot;}\" data-widget_type=\"icon.default\">\n\t\t\t\t<div class=\"elementor-widget-container\">\n\t\t\t\t\t\t\t<div class=\"elementor-icon-wrapper\">\n\t\t\t<a class=\"elementor-icon elementor-animation-grow\" href=\"#quienes\">\n\t\t\t<svg xmlns=\"http:\/\/www.w3.org\/2000\/svg\" xmlns:xlink=\"http:\/\/www.w3.org\/1999\/xlink\" xmlns:svgjs=\"http:\/\/svgjs.com\/svgjs\" width=\"512\" height=\"512\" x=\"0\" y=\"0\" viewBox=\"0 0 490.4 490.4\" style=\"enable-background:new 0 0 512 512\" xml:space=\"preserve\" class=\"\"><g><g xmlns=\"http:\/\/www.w3.org\/2000\/svg\">\t<g>\t\t<path d=\"M490.4,245.2C490.4,110,380.4,0,245.2,0S0,110,0,245.2s110,245.2,245.2,245.2S490.4,380.4,490.4,245.2z M24.5,245.2    c0-121.7,99-220.7,220.7-220.7s220.7,99,220.7,220.7s-99,220.7-220.7,220.7S24.5,366.9,24.5,245.2z\" fill=\"#ffffff\" data-original=\"#000000\" style=\"\" class=\"\"><\/path>\t\t<path d=\"M253.9,360.4l68.9-68.9c4.8-4.8,4.8-12.5,0-17.3s-12.5-4.8-17.3,0l-48,48V138.7c0-6.8-5.5-12.3-12.3-12.3    s-12.3,5.5-12.3,12.3v183.4l-48-48c-4.8-4.8-12.5-4.8-17.3,0s-4.8,12.5,0,17.3l68.9,68.9c2.4,2.4,5.5,3.6,8.7,3.6    S251.5,362.8,253.9,360.4z\" fill=\"#ffffff\" data-original=\"#000000\" style=\"\" class=\"\"><\/path>\t<\/g><\/g><g xmlns=\"http:\/\/www.w3.org\/2000\/svg\"><\/g><g xmlns=\"http:\/\/www.w3.org\/2000\/svg\"><\/g><g xmlns=\"http:\/\/www.w3.org\/2000\/svg\"><\/g><g xmlns=\"http:\/\/www.w3.org\/2000\/svg\"><\/g><g xmlns=\"http:\/\/www.w3.org\/2000\/svg\"><\/g><g xmlns=\"http:\/\/www.w3.org\/2000\/svg\"><\/g><g xmlns=\"http:\/\/www.w3.org\/2000\/svg\"><\/g><g xmlns=\"http:\/\/www.w3.org\/2000\/svg\"><\/g><g xmlns=\"http:\/\/www.w3.org\/2000\/svg\"><\/g><g xmlns=\"http:\/\/www.w3.org\/2000\/svg\"><\/g><g xmlns=\"http:\/\/www.w3.org\/2000\/svg\"><\/g><g xmlns=\"http:\/\/www.w3.org\/2000\/svg\"><\/g><g xmlns=\"http:\/\/www.w3.org\/2000\/svg\"><\/g><g xmlns=\"http:\/\/www.w3.org\/2000\/svg\"><\/g><g xmlns=\"http:\/\/www.w3.org\/2000\/svg\"><\/g><\/g><\/svg>\t\t\t<\/a>\n\t\t<\/div>\n\t\t\t\t\t\t<\/div>\n\t\t\t\t<\/div>\n\t\t\t\t\t<\/div>\n\t\t<\/div>\n\t\t\t\t\t<\/div>\n\t\t<\/section>\n\t\t\t\t<section class=\"elementor-section elementor-top-section elementor-element elementor-element-8e7c4fa elementor-section-height-min-height elementor-section-boxed elementor-section-height-default elementor-section-items-middle\" data-id=\"8e7c4fa\" data-element_type=\"section\" data-e-type=\"section\">\n\t\t\t\t\t\t<div class=\"elementor-container elementor-column-gap-default\">\n\t\t\t\t\t<div class=\"elementor-column elementor-col-50 elementor-top-column elementor-element elementor-element-54e2bba\" data-id=\"54e2bba\" data-element_type=\"column\" data-e-type=\"column\">\n\t\t\t<div class=\"elementor-widget-wrap elementor-element-populated\">\n\t\t\t\t\t\t<div class=\"elementor-element elementor-element-83bba07 elementor-view-default elementor-position-block-start elementor-mobile-position-block-start elementor-widget elementor-widget-icon-box\" data-id=\"83bba07\" data-element_type=\"widget\" data-e-type=\"widget\" data-widget_type=\"icon-box.default\">\n\t\t\t\t<div class=\"elementor-widget-container\">\n\t\t\t\t\t\t\t<div class=\"elementor-icon-box-wrapper\">\n\n\t\t\t\t\t\t<div class=\"elementor-icon-box-icon\">\n\t\t\t\t<span  class=\"elementor-icon\">\n\t\t\t\t<i aria-hidden=\"true\" class=\"fas fa-tools\"><\/i>\t\t\t\t<\/span>\n\t\t\t<\/div>\n\t\t\t\n\t\t\t\t\t\t<div class=\"elementor-icon-box-content\">\n\n\t\t\t\t\t\t\t\t\t<h3 class=\"elementor-icon-box-title\">\n\t\t\t\t\t\t<span  >\n\t\t\t\t\t\t\tRealitzant\t\t\t\t\t\t<\/span>\n\t\t\t\t\t<\/h3>\n\t\t\t\t\n\t\t\t\t\n\t\t\t<\/div>\n\t\t\t\n\t\t<\/div>\n\t\t\t\t\t\t<\/div>\n\t\t\t\t<\/div>\n\t\t\t\t<div class=\"elementor-element elementor-element-12e7e64 elementor-align-center list-bullets elementor-icon-list--layout-traditional elementor-list-item-link-full_width elementor-widget elementor-widget-icon-list\" data-id=\"12e7e64\" data-element_type=\"widget\" data-e-type=\"widget\" data-widget_type=\"icon-list.default\">\n\t\t\t\t<div class=\"elementor-widget-container\">\n\t\t\t\t\t\t\t<ul class=\"elementor-icon-list-items\">\n\t\t\t\t\t\t\t<li class=\"elementor-icon-list-item\">\n\t\t\t\t\t\t\t\t\t\t\t<span class=\"elementor-icon-list-icon\">\n\t\t\t\t\t\t\t<i aria-hidden=\"true\" class=\"fas fa-circle\"><\/i>\t\t\t\t\t\t<\/span>\n\t\t\t\t\t\t\t\t\t\t<span class=\"elementor-icon-list-text\">Controls de proc\u00e9s al taller. <\/span>\n\t\t\t\t\t\t\t\t\t<\/li>\n\t\t\t\t\t\t\t\t<li class=\"elementor-icon-list-item\">\n\t\t\t\t\t\t\t\t\t\t\t<span class=\"elementor-icon-list-icon\">\n\t\t\t\t\t\t\t<i aria-hidden=\"true\" class=\"fas fa-circle\"><\/i>\t\t\t\t\t\t<\/span>\n\t\t\t\t\t\t\t\t\t\t<span class=\"elementor-icon-list-text\">Validaci\u00f3 amb el client de treballs en curs i final. <\/span>\n\t\t\t\t\t\t\t\t\t<\/li>\n\t\t\t\t\t\t<\/ul>\n\t\t\t\t\t\t<\/div>\n\t\t\t\t<\/div>\n\t\t\t\t<div class=\"elementor-element elementor-element-c21c837 elementor-view-default elementor-widget elementor-widget-icon\" data-id=\"c21c837\" data-element_type=\"widget\" data-e-type=\"widget\" data-widget_type=\"icon.default\">\n\t\t\t\t<div class=\"elementor-widget-container\">\n\t\t\t\t\t\t\t<div class=\"elementor-icon-wrapper\">\n\t\t\t<div class=\"elementor-icon\">\n\t\t\t<i aria-hidden=\"true\" class=\"fas fa-arrow-down\"><\/i>\t\t\t<\/div>\n\t\t<\/div>\n\t\t\t\t\t\t<\/div>\n\t\t\t\t<\/div>\n\t\t\t\t<div class=\"elementor-element elementor-element-7796e55 elementor-view-default elementor-position-block-start elementor-mobile-position-block-start elementor-widget elementor-widget-icon-box\" data-id=\"7796e55\" data-element_type=\"widget\" data-e-type=\"widget\" data-widget_type=\"icon-box.default\">\n\t\t\t\t<div class=\"elementor-widget-container\">\n\t\t\t\t\t\t\t<div class=\"elementor-icon-box-wrapper\">\n\n\t\t\t\t\t\t<div class=\"elementor-icon-box-icon\">\n\t\t\t\t<span  class=\"elementor-icon\">\n\t\t\t\t<i aria-hidden=\"true\" class=\"fas fa-file-signature\"><\/i>\t\t\t\t<\/span>\n\t\t\t<\/div>\n\t\t\t\n\t\t\t\t\t\t<div class=\"elementor-icon-box-content\">\n\n\t\t\t\t\t\t\t\t\t<h3 class=\"elementor-icon-box-title\">\n\t\t\t\t\t\t<span  >\n\t\t\t\t\t\t\tSegons\t\t\t\t\t\t<\/span>\n\t\t\t\t\t<\/h3>\n\t\t\t\t\n\t\t\t\t\n\t\t\t<\/div>\n\t\t\t\n\t\t<\/div>\n\t\t\t\t\t\t<\/div>\n\t\t\t\t<\/div>\n\t\t\t\t<div class=\"elementor-element elementor-element-93cd9a6 elementor-align-center list-bullets elementor-icon-list--layout-traditional elementor-list-item-link-full_width elementor-widget elementor-widget-icon-list\" data-id=\"93cd9a6\" data-element_type=\"widget\" data-e-type=\"widget\" data-widget_type=\"icon-list.default\">\n\t\t\t\t<div class=\"elementor-widget-container\">\n\t\t\t\t\t\t\t<ul class=\"elementor-icon-list-items\">\n\t\t\t\t\t\t\t<li class=\"elementor-icon-list-item\">\n\t\t\t\t\t\t\t\t\t\t\t<span class=\"elementor-icon-list-icon\">\n\t\t\t\t\t\t\t<i aria-hidden=\"true\" class=\"fas fa-circle\"><\/i>\t\t\t\t\t\t<\/span>\n\t\t\t\t\t\t\t\t\t\t<span class=\"elementor-icon-list-text\">Normativa CE i espec\u00edfiques. <\/span>\n\t\t\t\t\t\t\t\t\t<\/li>\n\t\t\t\t\t\t\t\t<li class=\"elementor-icon-list-item\">\n\t\t\t\t\t\t\t\t\t\t\t<span class=\"elementor-icon-list-icon\">\n\t\t\t\t\t\t\t<i aria-hidden=\"true\" class=\"fas fa-circle\"><\/i>\t\t\t\t\t\t<\/span>\n\t\t\t\t\t\t\t\t\t\t<span class=\"elementor-icon-list-text\">Especificacions del client. <\/span>\n\t\t\t\t\t\t\t\t\t<\/li>\n\t\t\t\t\t\t\t\t<li class=\"elementor-icon-list-item\">\n\t\t\t\t\t\t\t\t\t\t\t<span class=\"elementor-icon-list-icon\">\n\t\t\t\t\t\t\t<i aria-hidden=\"true\" class=\"fas fa-circle\"><\/i>\t\t\t\t\t\t<\/span>\n\t\t\t\t\t\t\t\t\t\t<span class=\"elementor-icon-list-text\">Pl\u00e0nols. <\/span>\n\t\t\t\t\t\t\t\t\t<\/li>\n\t\t\t\t\t\t\t\t<li class=\"elementor-icon-list-item\">\n\t\t\t\t\t\t\t\t\t\t\t<span class=\"elementor-icon-list-icon\">\n\t\t\t\t\t\t\t<i aria-hidden=\"true\" class=\"fas fa-circle\"><\/i>\t\t\t\t\t\t<\/span>\n\t\t\t\t\t\t\t\t\t\t<span class=\"elementor-icon-list-text\">Mostres. <\/span>\n\t\t\t\t\t\t\t\t\t<\/li>\n\t\t\t\t\t\t<\/ul>\n\t\t\t\t\t\t<\/div>\n\t\t\t\t<\/div>\n\t\t\t\t\t<\/div>\n\t\t<\/div>\n\t\t\t\t<div class=\"elementor-column elementor-col-50 elementor-top-column elementor-element elementor-element-1a4236f\" data-id=\"1a4236f\" data-element_type=\"column\" data-e-type=\"column\" data-settings=\"{&quot;background_background&quot;:&quot;classic&quot;}\">\n\t\t\t<div class=\"elementor-widget-wrap elementor-element-populated\">\n\t\t\t\t\t\t<div class=\"elementor-element elementor-element-6700df8 elementor-widget elementor-widget-spacer\" data-id=\"6700df8\" data-element_type=\"widget\" data-e-type=\"widget\" data-widget_type=\"spacer.default\">\n\t\t\t\t<div class=\"elementor-widget-container\">\n\t\t\t\t\t\t\t<div class=\"elementor-spacer\">\n\t\t\t<div class=\"elementor-spacer-inner\"><\/div>\n\t\t<\/div>\n\t\t\t\t\t\t<\/div>\n\t\t\t\t<\/div>\n\t\t\t\t\t<\/div>\n\t\t<\/div>\n\t\t\t\t\t<\/div>\n\t\t<\/section>\n\t\t\t\t<section class=\"elementor-section elementor-top-section elementor-element elementor-element-f7d422c elementor-section-boxed elementor-section-height-default elementor-section-height-default\" data-id=\"f7d422c\" data-element_type=\"section\" data-e-type=\"section\" data-settings=\"{&quot;background_background&quot;:&quot;classic&quot;}\">\n\t\t\t\t\t\t<div class=\"elementor-container elementor-column-gap-default\">\n\t\t\t\t\t<div class=\"elementor-column elementor-col-100 elementor-top-column elementor-element elementor-element-7241c1e\" data-id=\"7241c1e\" data-element_type=\"column\" data-e-type=\"column\">\n\t\t\t<div class=\"elementor-widget-wrap elementor-element-populated\">\n\t\t\t\t\t\t<div class=\"elementor-element elementor-element-b0402c0 elementor-widget elementor-widget-image\" data-id=\"b0402c0\" data-element_type=\"widget\" data-e-type=\"widget\" data-widget_type=\"image.default\">\n\t\t\t\t<div class=\"elementor-widget-container\">\n\t\t\t\t\t\t\t\t\t\t\t\t\t\t\t<img fetchpriority=\"high\" decoding=\"async\" width=\"579\" height=\"622\" src=\"https:\/\/www.gaherma.com\/wp-content\/uploads\/2021\/04\/DISENO-Y-FABRICACION-DE-MAQUINARIA-Y-UTILES-A-MEDIDA_CAT.png\" class=\"attachment-large size-large wp-image-2496\" alt=\"\" srcset=\"https:\/\/www.gaherma.com\/wp-content\/uploads\/2021\/04\/DISENO-Y-FABRICACION-DE-MAQUINARIA-Y-UTILES-A-MEDIDA_CAT.png 579w, https:\/\/www.gaherma.com\/wp-content\/uploads\/2021\/04\/DISENO-Y-FABRICACION-DE-MAQUINARIA-Y-UTILES-A-MEDIDA_CAT-279x300.png 279w\" sizes=\"(max-width: 579px) 100vw, 579px\" \/>\t\t\t\t\t\t\t\t\t\t\t\t\t\t\t<\/div>\n\t\t\t\t<\/div>\n\t\t\t\t\t<\/div>\n\t\t<\/div>\n\t\t\t\t\t<\/div>\n\t\t<\/section>\n\t\t\t\t<\/div>\n\t\t","protected":false},"excerpt":{"rendered":"<p>SERVEIS D&#8217;ENGINYERIA I CONSULTORIA Disseny i fabricaci\u00f3 de maquin\u00e0ria i \u00fatils a mida Realitzant Controls de proc\u00e9s al taller. Validaci\u00f3 amb el client de treballs en curs i final. Segons Normativa CE i espec\u00edfiques. Especificacions del client. Pl\u00e0nols. Mostres.<\/p>\n","protected":false},"author":3,"featured_media":0,"parent":2317,"menu_order":0,"comment_status":"closed","ping_status":"closed","template":"","meta":{"_eb_attr":"","inline_featured_image":false,"footnotes":""},"class_list":["post-2340","page","type-page","status-publish","hentry"],"yoast_head":"<!-- This site is optimized with the Yoast SEO plugin v27.4 - https:\/\/yoast.com\/product\/yoast-seo-wordpress\/ -->\n<title>Disseny i fabricaci\u00f3 de maquin\u00e0ria | Grup Gaherma<\/title>\n<meta name=\"description\" content=\"Disseny i fabricaci\u00f3 de maquin\u00e0ria i \u00fatils a mida fets en taller propi \u2713 Peces no seriades, Equips, \u00datils i plantilles, M\u00e0quines \u2713 Entra\" \/>\n<meta name=\"robots\" content=\"index, follow, max-snippet:-1, max-image-preview:large, max-video-preview:-1\" \/>\n<link rel=\"canonical\" href=\"https:\/\/www.gaherma.com\/ca\/serveis-enginyeria-i-consultoria\/disseny-i-fabricacio-de-maquinaria-i-utils-a-mida\/\" \/>\n<meta property=\"og:locale\" content=\"ca_ES\" \/>\n<meta property=\"og:type\" content=\"article\" \/>\n<meta property=\"og:title\" content=\"Disseny i fabricaci\u00f3 de maquin\u00e0ria | Grup Gaherma\" \/>\n<meta property=\"og:description\" content=\"Disseny i fabricaci\u00f3 de maquin\u00e0ria i \u00fatils a mida fets en taller propi \u2713 Peces no seriades, Equips, \u00datils i plantilles, M\u00e0quines \u2713 Entra\" \/>\n<meta property=\"og:url\" content=\"https:\/\/www.gaherma.com\/ca\/serveis-enginyeria-i-consultoria\/disseny-i-fabricacio-de-maquinaria-i-utils-a-mida\/\" \/>\n<meta property=\"og:site_name\" content=\"Grupo Gaherma\" \/>\n<meta property=\"article:publisher\" content=\"https:\/\/www.facebook.com\/p\/Grupo-Gaherma-100063746612852\/\" \/>\n<meta property=\"article:modified_time\" content=\"2021-06-14T14:11:25+00:00\" \/>\n<meta property=\"og:image\" content=\"https:\/\/www.gaherma.com\/wp-content\/uploads\/2021\/04\/DISENO-Y-FABRICACION-DE-MAQUINARIA-Y-UTILES-A-MEDIDA_CAT.png\" \/>\n<meta name=\"twitter:card\" content=\"summary_large_image\" \/>\n<meta name=\"twitter:site\" content=\"@GrupoGaherma\" \/>\n<meta name=\"twitter:label1\" content=\"Est. reading time\" \/>\n\t<meta name=\"twitter:data1\" content=\"1 minute\" \/>\n<script type=\"application\/ld+json\" class=\"yoast-schema-graph\">{\"@context\":\"https:\\\/\\\/schema.org\",\"@graph\":[{\"@type\":\"WebPage\",\"@id\":\"https:\\\/\\\/www.gaherma.com\\\/ca\\\/serveis-enginyeria-i-consultoria\\\/disseny-i-fabricacio-de-maquinaria-i-utils-a-mida\\\/\",\"url\":\"https:\\\/\\\/www.gaherma.com\\\/ca\\\/serveis-enginyeria-i-consultoria\\\/disseny-i-fabricacio-de-maquinaria-i-utils-a-mida\\\/\",\"name\":\"Disseny i fabricaci\u00f3 de maquin\u00e0ria | Grup Gaherma\",\"isPartOf\":{\"@id\":\"https:\\\/\\\/www.gaherma.com\\\/#website\"},\"primaryImageOfPage\":{\"@id\":\"https:\\\/\\\/www.gaherma.com\\\/ca\\\/serveis-enginyeria-i-consultoria\\\/disseny-i-fabricacio-de-maquinaria-i-utils-a-mida\\\/#primaryimage\"},\"image\":{\"@id\":\"https:\\\/\\\/www.gaherma.com\\\/ca\\\/serveis-enginyeria-i-consultoria\\\/disseny-i-fabricacio-de-maquinaria-i-utils-a-mida\\\/#primaryimage\"},\"thumbnailUrl\":\"https:\\\/\\\/www.gaherma.com\\\/wp-content\\\/uploads\\\/2021\\\/04\\\/DISENO-Y-FABRICACION-DE-MAQUINARIA-Y-UTILES-A-MEDIDA_CAT.png\",\"datePublished\":\"2021-04-24T20:19:53+00:00\",\"dateModified\":\"2021-06-14T14:11:25+00:00\",\"description\":\"Disseny i fabricaci\u00f3 de maquin\u00e0ria i \u00fatils a mida fets en taller propi \u2713 Peces no seriades, Equips, \u00datils i plantilles, M\u00e0quines \u2713 Entra\",\"breadcrumb\":{\"@id\":\"https:\\\/\\\/www.gaherma.com\\\/ca\\\/serveis-enginyeria-i-consultoria\\\/disseny-i-fabricacio-de-maquinaria-i-utils-a-mida\\\/#breadcrumb\"},\"inLanguage\":\"ca\",\"potentialAction\":[{\"@type\":\"ReadAction\",\"target\":[\"https:\\\/\\\/www.gaherma.com\\\/ca\\\/serveis-enginyeria-i-consultoria\\\/disseny-i-fabricacio-de-maquinaria-i-utils-a-mida\\\/\"]}]},{\"@type\":\"ImageObject\",\"inLanguage\":\"ca\",\"@id\":\"https:\\\/\\\/www.gaherma.com\\\/ca\\\/serveis-enginyeria-i-consultoria\\\/disseny-i-fabricacio-de-maquinaria-i-utils-a-mida\\\/#primaryimage\",\"url\":\"https:\\\/\\\/www.gaherma.com\\\/wp-content\\\/uploads\\\/2021\\\/04\\\/DISENO-Y-FABRICACION-DE-MAQUINARIA-Y-UTILES-A-MEDIDA_CAT.png\",\"contentUrl\":\"https:\\\/\\\/www.gaherma.com\\\/wp-content\\\/uploads\\\/2021\\\/04\\\/DISENO-Y-FABRICACION-DE-MAQUINARIA-Y-UTILES-A-MEDIDA_CAT.png\"},{\"@type\":\"BreadcrumbList\",\"@id\":\"https:\\\/\\\/www.gaherma.com\\\/ca\\\/serveis-enginyeria-i-consultoria\\\/disseny-i-fabricacio-de-maquinaria-i-utils-a-mida\\\/#breadcrumb\",\"itemListElement\":[{\"@type\":\"ListItem\",\"position\":1,\"name\":\"Portada\",\"item\":\"https:\\\/\\\/www.gaherma.com\\\/ca\\\/\"},{\"@type\":\"ListItem\",\"position\":2,\"name\":\"Serveis Enginyeria i Consultoria\",\"item\":\"https:\\\/\\\/www.gaherma.com\\\/ca\\\/serveis-enginyeria-i-consultoria\\\/\"},{\"@type\":\"ListItem\",\"position\":3,\"name\":\"Disseny i fabricaci\u00f3 de maquin\u00e0ria i \u00fatils a mida\"}]},{\"@type\":\"WebSite\",\"@id\":\"https:\\\/\\\/www.gaherma.com\\\/#website\",\"url\":\"https:\\\/\\\/www.gaherma.com\\\/\",\"name\":\"Grupo Gaherma\",\"description\":\"Soluciones de Mantenimiento e Ingenier\u00eda\",\"publisher\":{\"@id\":\"https:\\\/\\\/www.gaherma.com\\\/#organization\"},\"potentialAction\":[{\"@type\":\"SearchAction\",\"target\":{\"@type\":\"EntryPoint\",\"urlTemplate\":\"https:\\\/\\\/www.gaherma.com\\\/?s={search_term_string}\"},\"query-input\":{\"@type\":\"PropertyValueSpecification\",\"valueRequired\":true,\"valueName\":\"search_term_string\"}}],\"inLanguage\":\"ca\"},{\"@type\":\"Organization\",\"@id\":\"https:\\\/\\\/www.gaherma.com\\\/#organization\",\"name\":\"Gaherma Barcelona SL\",\"url\":\"https:\\\/\\\/www.gaherma.com\\\/\",\"logo\":{\"@type\":\"ImageObject\",\"inLanguage\":\"ca\",\"@id\":\"https:\\\/\\\/www.gaherma.com\\\/#\\\/schema\\\/logo\\\/image\\\/\",\"url\":\"https:\\\/\\\/www.gaherma.com\\\/wp-content\\\/uploads\\\/2021\\\/01\\\/logo-gaherma.svg\",\"contentUrl\":\"https:\\\/\\\/www.gaherma.com\\\/wp-content\\\/uploads\\\/2021\\\/01\\\/logo-gaherma.svg\",\"caption\":\"Gaherma Barcelona SL\"},\"image\":{\"@id\":\"https:\\\/\\\/www.gaherma.com\\\/#\\\/schema\\\/logo\\\/image\\\/\"},\"sameAs\":[\"https:\\\/\\\/www.facebook.com\\\/p\\\/Grupo-Gaherma-100063746612852\\\/\",\"https:\\\/\\\/x.com\\\/GrupoGaherma\",\"https:\\\/\\\/www.linkedin.com\\\/company\\\/grupo-gaherma\\\/\",\"https:\\\/\\\/www.instagram.com\\\/grupogaherma\\\/\",\"https:\\\/\\\/www.youtube.com\\\/channel\\\/UCG-kSTy5CI0KyH2N8NwuMwQ\"]}]}<\/script>\n<!-- \/ Yoast SEO plugin. -->","yoast_head_json":{"title":"Disseny i fabricaci\u00f3 de maquin\u00e0ria | Grup Gaherma","description":"Disseny i fabricaci\u00f3 de maquin\u00e0ria i \u00fatils a mida fets en taller propi \u2713 Peces no seriades, Equips, \u00datils i plantilles, M\u00e0quines \u2713 Entra","robots":{"index":"index","follow":"follow","max-snippet":"max-snippet:-1","max-image-preview":"max-image-preview:large","max-video-preview":"max-video-preview:-1"},"canonical":"https:\/\/www.gaherma.com\/ca\/serveis-enginyeria-i-consultoria\/disseny-i-fabricacio-de-maquinaria-i-utils-a-mida\/","og_locale":"ca_ES","og_type":"article","og_title":"Disseny i fabricaci\u00f3 de maquin\u00e0ria | Grup Gaherma","og_description":"Disseny i fabricaci\u00f3 de maquin\u00e0ria i \u00fatils a mida fets en taller propi \u2713 Peces no seriades, Equips, \u00datils i plantilles, M\u00e0quines \u2713 Entra","og_url":"https:\/\/www.gaherma.com\/ca\/serveis-enginyeria-i-consultoria\/disseny-i-fabricacio-de-maquinaria-i-utils-a-mida\/","og_site_name":"Grupo Gaherma","article_publisher":"https:\/\/www.facebook.com\/p\/Grupo-Gaherma-100063746612852\/","article_modified_time":"2021-06-14T14:11:25+00:00","og_image":[{"url":"https:\/\/www.gaherma.com\/wp-content\/uploads\/2021\/04\/DISENO-Y-FABRICACION-DE-MAQUINARIA-Y-UTILES-A-MEDIDA_CAT.png","type":"","width":"","height":""}],"twitter_card":"summary_large_image","twitter_site":"@GrupoGaherma","twitter_misc":{"Est. reading time":"1 minute"},"schema":{"@context":"https:\/\/schema.org","@graph":[{"@type":"WebPage","@id":"https:\/\/www.gaherma.com\/ca\/serveis-enginyeria-i-consultoria\/disseny-i-fabricacio-de-maquinaria-i-utils-a-mida\/","url":"https:\/\/www.gaherma.com\/ca\/serveis-enginyeria-i-consultoria\/disseny-i-fabricacio-de-maquinaria-i-utils-a-mida\/","name":"Disseny i fabricaci\u00f3 de maquin\u00e0ria | Grup Gaherma","isPartOf":{"@id":"https:\/\/www.gaherma.com\/#website"},"primaryImageOfPage":{"@id":"https:\/\/www.gaherma.com\/ca\/serveis-enginyeria-i-consultoria\/disseny-i-fabricacio-de-maquinaria-i-utils-a-mida\/#primaryimage"},"image":{"@id":"https:\/\/www.gaherma.com\/ca\/serveis-enginyeria-i-consultoria\/disseny-i-fabricacio-de-maquinaria-i-utils-a-mida\/#primaryimage"},"thumbnailUrl":"https:\/\/www.gaherma.com\/wp-content\/uploads\/2021\/04\/DISENO-Y-FABRICACION-DE-MAQUINARIA-Y-UTILES-A-MEDIDA_CAT.png","datePublished":"2021-04-24T20:19:53+00:00","dateModified":"2021-06-14T14:11:25+00:00","description":"Disseny i fabricaci\u00f3 de maquin\u00e0ria i \u00fatils a mida fets en taller propi \u2713 Peces no seriades, Equips, \u00datils i plantilles, M\u00e0quines \u2713 Entra","breadcrumb":{"@id":"https:\/\/www.gaherma.com\/ca\/serveis-enginyeria-i-consultoria\/disseny-i-fabricacio-de-maquinaria-i-utils-a-mida\/#breadcrumb"},"inLanguage":"ca","potentialAction":[{"@type":"ReadAction","target":["https:\/\/www.gaherma.com\/ca\/serveis-enginyeria-i-consultoria\/disseny-i-fabricacio-de-maquinaria-i-utils-a-mida\/"]}]},{"@type":"ImageObject","inLanguage":"ca","@id":"https:\/\/www.gaherma.com\/ca\/serveis-enginyeria-i-consultoria\/disseny-i-fabricacio-de-maquinaria-i-utils-a-mida\/#primaryimage","url":"https:\/\/www.gaherma.com\/wp-content\/uploads\/2021\/04\/DISENO-Y-FABRICACION-DE-MAQUINARIA-Y-UTILES-A-MEDIDA_CAT.png","contentUrl":"https:\/\/www.gaherma.com\/wp-content\/uploads\/2021\/04\/DISENO-Y-FABRICACION-DE-MAQUINARIA-Y-UTILES-A-MEDIDA_CAT.png"},{"@type":"BreadcrumbList","@id":"https:\/\/www.gaherma.com\/ca\/serveis-enginyeria-i-consultoria\/disseny-i-fabricacio-de-maquinaria-i-utils-a-mida\/#breadcrumb","itemListElement":[{"@type":"ListItem","position":1,"name":"Portada","item":"https:\/\/www.gaherma.com\/ca\/"},{"@type":"ListItem","position":2,"name":"Serveis Enginyeria i Consultoria","item":"https:\/\/www.gaherma.com\/ca\/serveis-enginyeria-i-consultoria\/"},{"@type":"ListItem","position":3,"name":"Disseny i fabricaci\u00f3 de maquin\u00e0ria i \u00fatils a mida"}]},{"@type":"WebSite","@id":"https:\/\/www.gaherma.com\/#website","url":"https:\/\/www.gaherma.com\/","name":"Grupo Gaherma","description":"Soluciones de Mantenimiento e Ingenier\u00eda","publisher":{"@id":"https:\/\/www.gaherma.com\/#organization"},"potentialAction":[{"@type":"SearchAction","target":{"@type":"EntryPoint","urlTemplate":"https:\/\/www.gaherma.com\/?s={search_term_string}"},"query-input":{"@type":"PropertyValueSpecification","valueRequired":true,"valueName":"search_term_string"}}],"inLanguage":"ca"},{"@type":"Organization","@id":"https:\/\/www.gaherma.com\/#organization","name":"Gaherma Barcelona SL","url":"https:\/\/www.gaherma.com\/","logo":{"@type":"ImageObject","inLanguage":"ca","@id":"https:\/\/www.gaherma.com\/#\/schema\/logo\/image\/","url":"https:\/\/www.gaherma.com\/wp-content\/uploads\/2021\/01\/logo-gaherma.svg","contentUrl":"https:\/\/www.gaherma.com\/wp-content\/uploads\/2021\/01\/logo-gaherma.svg","caption":"Gaherma Barcelona SL"},"image":{"@id":"https:\/\/www.gaherma.com\/#\/schema\/logo\/image\/"},"sameAs":["https:\/\/www.facebook.com\/p\/Grupo-Gaherma-100063746612852\/","https:\/\/x.com\/GrupoGaherma","https:\/\/www.linkedin.com\/company\/grupo-gaherma\/","https:\/\/www.instagram.com\/grupogaherma\/","https:\/\/www.youtube.com\/channel\/UCG-kSTy5CI0KyH2N8NwuMwQ"]}]}},"_links":{"self":[{"href":"https:\/\/www.gaherma.com\/ca\/wp-json\/wp\/v2\/pages\/2340","targetHints":{"allow":["GET"]}}],"collection":[{"href":"https:\/\/www.gaherma.com\/ca\/wp-json\/wp\/v2\/pages"}],"about":[{"href":"https:\/\/www.gaherma.com\/ca\/wp-json\/wp\/v2\/types\/page"}],"author":[{"embeddable":true,"href":"https:\/\/www.gaherma.com\/ca\/wp-json\/wp\/v2\/users\/3"}],"replies":[{"embeddable":true,"href":"https:\/\/www.gaherma.com\/ca\/wp-json\/wp\/v2\/comments?post=2340"}],"version-history":[{"count":7,"href":"https:\/\/www.gaherma.com\/ca\/wp-json\/wp\/v2\/pages\/2340\/revisions"}],"predecessor-version":[{"id":2894,"href":"https:\/\/www.gaherma.com\/ca\/wp-json\/wp\/v2\/pages\/2340\/revisions\/2894"}],"up":[{"embeddable":true,"href":"https:\/\/www.gaherma.com\/ca\/wp-json\/wp\/v2\/pages\/2317"}],"wp:attachment":[{"href":"https:\/\/www.gaherma.com\/ca\/wp-json\/wp\/v2\/media?parent=2340"}],"curies":[{"name":"wp","href":"https:\/\/api.w.org\/{rel}","templated":true}]}}