{"id":2328,"date":"2021-04-24T19:47:34","date_gmt":"2021-04-24T19:47:34","guid":{"rendered":"https:\/\/www.gaherma.com\/serveis-manteniment\/servei-dassistencia-tecnica-24h\/"},"modified":"2021-06-15T11:07:33","modified_gmt":"2021-06-15T11:07:33","slug":"servei-dassistencia-tecnica-24h","status":"publish","type":"page","link":"https:\/\/www.gaherma.com\/ca\/serveis-manteniment\/servei-dassistencia-tecnica-24h\/","title":{"rendered":"Servei d\u2019assist\u00e8ncia t\u00e8cnica 24h"},"content":{"rendered":"\t\t<div data-elementor-type=\"wp-page\" data-elementor-id=\"2328\" class=\"elementor elementor-2328 elementor-78\" data-elementor-post-type=\"page\">\n\t\t\t\t\t\t<section class=\"elementor-section elementor-top-section elementor-element elementor-element-6cf1345 elementor-section-height-min-height elementor-section-items-bottom elementor-section-boxed elementor-section-height-default\" data-id=\"6cf1345\" data-element_type=\"section\" data-e-type=\"section\" data-settings=\"{&quot;background_background&quot;:&quot;classic&quot;}\">\n\t\t\t\t\t\t\t<div class=\"elementor-background-overlay\"><\/div>\n\t\t\t\t\t\t\t<div class=\"elementor-container elementor-column-gap-default\">\n\t\t\t\t\t<div class=\"elementor-column elementor-col-100 elementor-top-column elementor-element elementor-element-94533a0\" data-id=\"94533a0\" data-element_type=\"column\" data-e-type=\"column\">\n\t\t\t<div class=\"elementor-widget-wrap elementor-element-populated\">\n\t\t\t\t\t\t<div class=\"elementor-element elementor-element-6e91e72 elementor-widget elementor-widget-heading\" data-id=\"6e91e72\" data-element_type=\"widget\" data-e-type=\"widget\" data-widget_type=\"heading.default\">\n\t\t\t\t<div class=\"elementor-widget-container\">\n\t\t\t\t\t<h2 class=\"elementor-heading-title elementor-size-default\">SERVEIS MANTENIMENT<\/h2>\t\t\t\t<\/div>\n\t\t\t\t<\/div>\n\t\t\t\t<div class=\"elementor-element elementor-element-1562b3d elementor-widget elementor-widget-heading\" data-id=\"1562b3d\" data-element_type=\"widget\" data-e-type=\"widget\" data-widget_type=\"heading.default\">\n\t\t\t\t<div class=\"elementor-widget-container\">\n\t\t\t\t\t<h1 class=\"elementor-heading-title elementor-size-default\">Servei d'assist\u00e8ncia <br><span style=\"color:#BD2D24\">t\u00e8cnica 24h<\/span><\/h1>\t\t\t\t<\/div>\n\t\t\t\t<\/div>\n\t\t\t\t<div class=\"elementor-element elementor-element-78ce7a0 elementor-widget elementor-widget-spacer\" data-id=\"78ce7a0\" data-element_type=\"widget\" data-e-type=\"widget\" data-widget_type=\"spacer.default\">\n\t\t\t\t<div class=\"elementor-widget-container\">\n\t\t\t\t\t\t\t<div class=\"elementor-spacer\">\n\t\t\t<div class=\"elementor-spacer-inner\"><\/div>\n\t\t<\/div>\n\t\t\t\t\t\t<\/div>\n\t\t\t\t<\/div>\n\t\t\t\t<div class=\"elementor-element elementor-element-2b70748 elementor-view-default elementor-invisible elementor-widget elementor-widget-icon\" data-id=\"2b70748\" data-element_type=\"widget\" data-e-type=\"widget\" data-settings=\"{&quot;_animation&quot;:&quot;fadeInUp&quot;}\" data-widget_type=\"icon.default\">\n\t\t\t\t<div class=\"elementor-widget-container\">\n\t\t\t\t\t\t\t<div class=\"elementor-icon-wrapper\">\n\t\t\t<a class=\"elementor-icon elementor-animation-grow\" href=\"#quienes\">\n\t\t\t<svg xmlns=\"http:\/\/www.w3.org\/2000\/svg\" xmlns:xlink=\"http:\/\/www.w3.org\/1999\/xlink\" xmlns:svgjs=\"http:\/\/svgjs.com\/svgjs\" width=\"512\" height=\"512\" x=\"0\" y=\"0\" viewBox=\"0 0 490.4 490.4\" style=\"enable-background:new 0 0 512 512\" xml:space=\"preserve\" class=\"\"><g><g xmlns=\"http:\/\/www.w3.org\/2000\/svg\">\t<g>\t\t<path d=\"M490.4,245.2C490.4,110,380.4,0,245.2,0S0,110,0,245.2s110,245.2,245.2,245.2S490.4,380.4,490.4,245.2z M24.5,245.2    c0-121.7,99-220.7,220.7-220.7s220.7,99,220.7,220.7s-99,220.7-220.7,220.7S24.5,366.9,24.5,245.2z\" fill=\"#ffffff\" data-original=\"#000000\" style=\"\" class=\"\"><\/path>\t\t<path d=\"M253.9,360.4l68.9-68.9c4.8-4.8,4.8-12.5,0-17.3s-12.5-4.8-17.3,0l-48,48V138.7c0-6.8-5.5-12.3-12.3-12.3    s-12.3,5.5-12.3,12.3v183.4l-48-48c-4.8-4.8-12.5-4.8-17.3,0s-4.8,12.5,0,17.3l68.9,68.9c2.4,2.4,5.5,3.6,8.7,3.6    S251.5,362.8,253.9,360.4z\" fill=\"#ffffff\" data-original=\"#000000\" style=\"\" class=\"\"><\/path>\t<\/g><\/g><g xmlns=\"http:\/\/www.w3.org\/2000\/svg\"><\/g><g xmlns=\"http:\/\/www.w3.org\/2000\/svg\"><\/g><g xmlns=\"http:\/\/www.w3.org\/2000\/svg\"><\/g><g xmlns=\"http:\/\/www.w3.org\/2000\/svg\"><\/g><g xmlns=\"http:\/\/www.w3.org\/2000\/svg\"><\/g><g xmlns=\"http:\/\/www.w3.org\/2000\/svg\"><\/g><g xmlns=\"http:\/\/www.w3.org\/2000\/svg\"><\/g><g xmlns=\"http:\/\/www.w3.org\/2000\/svg\"><\/g><g xmlns=\"http:\/\/www.w3.org\/2000\/svg\"><\/g><g xmlns=\"http:\/\/www.w3.org\/2000\/svg\"><\/g><g xmlns=\"http:\/\/www.w3.org\/2000\/svg\"><\/g><g xmlns=\"http:\/\/www.w3.org\/2000\/svg\"><\/g><g xmlns=\"http:\/\/www.w3.org\/2000\/svg\"><\/g><g xmlns=\"http:\/\/www.w3.org\/2000\/svg\"><\/g><g xmlns=\"http:\/\/www.w3.org\/2000\/svg\"><\/g><\/g><\/svg>\t\t\t<\/a>\n\t\t<\/div>\n\t\t\t\t\t\t<\/div>\n\t\t\t\t<\/div>\n\t\t\t\t\t<\/div>\n\t\t<\/div>\n\t\t\t\t\t<\/div>\n\t\t<\/section>\n\t\t\t\t<section class=\"elementor-section elementor-top-section elementor-element elementor-element-82ad06d elementor-section-boxed elementor-section-height-default elementor-section-height-default\" data-id=\"82ad06d\" data-element_type=\"section\" data-e-type=\"section\">\n\t\t\t\t\t\t<div class=\"elementor-container elementor-column-gap-default\">\n\t\t\t\t\t<div class=\"elementor-column elementor-col-50 elementor-top-column elementor-element elementor-element-a01e9a3\" data-id=\"a01e9a3\" data-element_type=\"column\" data-e-type=\"column\">\n\t\t\t<div class=\"elementor-widget-wrap elementor-element-populated\">\n\t\t\t\t\t\t<div class=\"elementor-element elementor-element-abf58c7 elementor-widget elementor-widget-text-editor\" data-id=\"abf58c7\" data-element_type=\"widget\" data-e-type=\"widget\" data-widget_type=\"text-editor.default\">\n\t\t\t\t<div class=\"elementor-widget-container\">\n\t\t\t\t\t\t\t\t\t<p>A tots els nostres clients interessats, els oferim la possibilitat de disposar d&#8217;un servei d&#8217;assist\u00e8ncia t\u00e8cnica 24 hores, 365 dies a l&#8217;any.<\/p>\n<p>Per a m\u00e9s informaci\u00f3, poden posar-se en contacte amb nosaltres mitjan\u00e7ant el tel\u00e8fon 93 588 54 94 o mitjan\u00e7ant un missatge a l&#8217;adre\u00e7a de correu <a href=\"mailto:info@gaherma.com\"><strong><span style=\"color: #bd2d24;\">info@gaherma.com<\/span><\/strong><\/a>.<\/p>\n\t\t\t\t\t\t\t\t<\/div>\n\t\t\t\t<\/div>\n\t\t\t\t\t<\/div>\n\t\t<\/div>\n\t\t\t\t<div class=\"elementor-column elementor-col-50 elementor-top-column elementor-element elementor-element-af930c0\" data-id=\"af930c0\" data-element_type=\"column\" data-e-type=\"column\" data-settings=\"{&quot;background_background&quot;:&quot;classic&quot;}\">\n\t\t\t<div class=\"elementor-widget-wrap elementor-element-populated\">\n\t\t\t\t\t\t<div class=\"elementor-element elementor-element-876eb8e elementor-widget elementor-widget-spacer\" data-id=\"876eb8e\" data-element_type=\"widget\" data-e-type=\"widget\" data-widget_type=\"spacer.default\">\n\t\t\t\t<div class=\"elementor-widget-container\">\n\t\t\t\t\t\t\t<div class=\"elementor-spacer\">\n\t\t\t<div class=\"elementor-spacer-inner\"><\/div>\n\t\t<\/div>\n\t\t\t\t\t\t<\/div>\n\t\t\t\t<\/div>\n\t\t\t\t\t<\/div>\n\t\t<\/div>\n\t\t\t\t\t<\/div>\n\t\t<\/section>\n\t\t\t\t<\/div>\n\t\t","protected":false},"excerpt":{"rendered":"<p>SERVEIS MANTENIMENT Servei d&#8217;assist\u00e8ncia t\u00e8cnica 24h A tots els nostres clients interessats, els oferim la possibilitat de disposar d&#8217;un servei d&#8217;assist\u00e8ncia t\u00e8cnica 24 hores, 365 dies a l&#8217;any. Per a m\u00e9s informaci\u00f3, poden posar-se en contacte amb nosaltres mitjan\u00e7ant el tel\u00e8fon 93 588 54 94 o mitjan\u00e7ant un missatge a l&#8217;adre\u00e7a de correu info@gaherma.com.<\/p>\n","protected":false},"author":3,"featured_media":0,"parent":2313,"menu_order":0,"comment_status":"closed","ping_status":"closed","template":"","meta":{"_eb_attr":"","inline_featured_image":false,"footnotes":""},"class_list":["post-2328","page","type-page","status-publish","hentry"],"yoast_head":"<!-- This site is optimized with the Yoast SEO plugin v27.4 - https:\/\/yoast.com\/product\/yoast-seo-wordpress\/ -->\n<title>Servei d&#039;Assist\u00e8ncia T\u00e8cnica 24h | Grup Gaherma<\/title>\n<meta name=\"description\" content=\"Oferim la possibilitat de disposar d&#039;un servei d&#039;assist\u00e8ncia t\u00e8cnica 24 hores, 365 dies a l&#039;any \u2713 Sol\u00b7licita m\u00e9s informaci\u00f3\" \/>\n<meta name=\"robots\" content=\"index, follow, max-snippet:-1, max-image-preview:large, max-video-preview:-1\" \/>\n<link rel=\"canonical\" href=\"https:\/\/www.gaherma.com\/servicios-mantenimiento\/servicio-de-asistencia-tecnica-24h\/\" \/>\n<meta property=\"og:locale\" content=\"ca_ES\" \/>\n<meta property=\"og:type\" content=\"article\" \/>\n<meta property=\"og:title\" content=\"Servei d&#039;Assist\u00e8ncia T\u00e8cnica 24h | Grup Gaherma\" \/>\n<meta property=\"og:description\" content=\"Oferim la possibilitat de disposar d&#039;un servei d&#039;assist\u00e8ncia t\u00e8cnica 24 hores, 365 dies a l&#039;any \u2713 Sol\u00b7licita m\u00e9s informaci\u00f3\" \/>\n<meta property=\"og:url\" content=\"https:\/\/www.gaherma.com\/servicios-mantenimiento\/servicio-de-asistencia-tecnica-24h\/\" \/>\n<meta property=\"og:site_name\" content=\"Grupo Gaherma\" \/>\n<meta property=\"article:publisher\" content=\"https:\/\/www.facebook.com\/p\/Grupo-Gaherma-100063746612852\/\" \/>\n<meta property=\"article:modified_time\" content=\"2021-06-15T11:07:33+00:00\" \/>\n<meta name=\"twitter:card\" content=\"summary_large_image\" \/>\n<meta name=\"twitter:site\" content=\"@GrupoGaherma\" \/>\n<meta name=\"twitter:label1\" content=\"Est. reading time\" \/>\n\t<meta name=\"twitter:data1\" content=\"1 minute\" \/>\n<script type=\"application\/ld+json\" class=\"yoast-schema-graph\">{\"@context\":\"https:\\\/\\\/schema.org\",\"@graph\":[{\"@type\":\"WebPage\",\"@id\":\"https:\\\/\\\/www.gaherma.com\\\/servicios-mantenimiento\\\/servicio-de-asistencia-tecnica-24h\\\/\",\"url\":\"https:\\\/\\\/www.gaherma.com\\\/servicios-mantenimiento\\\/servicio-de-asistencia-tecnica-24h\\\/\",\"name\":\"Servei d'Assist\u00e8ncia T\u00e8cnica 24h | Grup Gaherma\",\"isPartOf\":{\"@id\":\"https:\\\/\\\/www.gaherma.com\\\/#website\"},\"datePublished\":\"2021-04-24T19:47:34+00:00\",\"dateModified\":\"2021-06-15T11:07:33+00:00\",\"description\":\"Oferim la possibilitat de disposar d'un servei d'assist\u00e8ncia t\u00e8cnica 24 hores, 365 dies a l'any \u2713 Sol\u00b7licita m\u00e9s informaci\u00f3\",\"breadcrumb\":{\"@id\":\"https:\\\/\\\/www.gaherma.com\\\/servicios-mantenimiento\\\/servicio-de-asistencia-tecnica-24h\\\/#breadcrumb\"},\"inLanguage\":\"ca\",\"potentialAction\":[{\"@type\":\"ReadAction\",\"target\":[\"https:\\\/\\\/www.gaherma.com\\\/servicios-mantenimiento\\\/servicio-de-asistencia-tecnica-24h\\\/\"]}]},{\"@type\":\"BreadcrumbList\",\"@id\":\"https:\\\/\\\/www.gaherma.com\\\/servicios-mantenimiento\\\/servicio-de-asistencia-tecnica-24h\\\/#breadcrumb\",\"itemListElement\":[{\"@type\":\"ListItem\",\"position\":1,\"name\":\"Portada\",\"item\":\"https:\\\/\\\/www.gaherma.com\\\/ca\\\/\"},{\"@type\":\"ListItem\",\"position\":2,\"name\":\"Serveis Manteniment\",\"item\":\"https:\\\/\\\/www.gaherma.com\\\/servicios-mantenimiento\\\/\"},{\"@type\":\"ListItem\",\"position\":3,\"name\":\"Servei d\u2019assist\u00e8ncia t\u00e8cnica 24h\"}]},{\"@type\":\"WebSite\",\"@id\":\"https:\\\/\\\/www.gaherma.com\\\/#website\",\"url\":\"https:\\\/\\\/www.gaherma.com\\\/\",\"name\":\"Grupo Gaherma\",\"description\":\"Soluciones de Mantenimiento e Ingenier\u00eda\",\"publisher\":{\"@id\":\"https:\\\/\\\/www.gaherma.com\\\/#organization\"},\"potentialAction\":[{\"@type\":\"SearchAction\",\"target\":{\"@type\":\"EntryPoint\",\"urlTemplate\":\"https:\\\/\\\/www.gaherma.com\\\/?s={search_term_string}\"},\"query-input\":{\"@type\":\"PropertyValueSpecification\",\"valueRequired\":true,\"valueName\":\"search_term_string\"}}],\"inLanguage\":\"ca\"},{\"@type\":\"Organization\",\"@id\":\"https:\\\/\\\/www.gaherma.com\\\/#organization\",\"name\":\"Gaherma Barcelona SL\",\"url\":\"https:\\\/\\\/www.gaherma.com\\\/\",\"logo\":{\"@type\":\"ImageObject\",\"inLanguage\":\"ca\",\"@id\":\"https:\\\/\\\/www.gaherma.com\\\/#\\\/schema\\\/logo\\\/image\\\/\",\"url\":\"https:\\\/\\\/www.gaherma.com\\\/wp-content\\\/uploads\\\/2021\\\/01\\\/logo-gaherma.svg\",\"contentUrl\":\"https:\\\/\\\/www.gaherma.com\\\/wp-content\\\/uploads\\\/2021\\\/01\\\/logo-gaherma.svg\",\"caption\":\"Gaherma Barcelona SL\"},\"image\":{\"@id\":\"https:\\\/\\\/www.gaherma.com\\\/#\\\/schema\\\/logo\\\/image\\\/\"},\"sameAs\":[\"https:\\\/\\\/www.facebook.com\\\/p\\\/Grupo-Gaherma-100063746612852\\\/\",\"https:\\\/\\\/x.com\\\/GrupoGaherma\",\"https:\\\/\\\/www.linkedin.com\\\/company\\\/grupo-gaherma\\\/\",\"https:\\\/\\\/www.instagram.com\\\/grupogaherma\\\/\",\"https:\\\/\\\/www.youtube.com\\\/channel\\\/UCG-kSTy5CI0KyH2N8NwuMwQ\"]}]}<\/script>\n<!-- \/ Yoast SEO plugin. -->","yoast_head_json":{"title":"Servei d'Assist\u00e8ncia T\u00e8cnica 24h | Grup Gaherma","description":"Oferim la possibilitat de disposar d'un servei d'assist\u00e8ncia t\u00e8cnica 24 hores, 365 dies a l'any \u2713 Sol\u00b7licita m\u00e9s informaci\u00f3","robots":{"index":"index","follow":"follow","max-snippet":"max-snippet:-1","max-image-preview":"max-image-preview:large","max-video-preview":"max-video-preview:-1"},"canonical":"https:\/\/www.gaherma.com\/servicios-mantenimiento\/servicio-de-asistencia-tecnica-24h\/","og_locale":"ca_ES","og_type":"article","og_title":"Servei d'Assist\u00e8ncia T\u00e8cnica 24h | Grup Gaherma","og_description":"Oferim la possibilitat de disposar d'un servei d'assist\u00e8ncia t\u00e8cnica 24 hores, 365 dies a l'any \u2713 Sol\u00b7licita m\u00e9s informaci\u00f3","og_url":"https:\/\/www.gaherma.com\/servicios-mantenimiento\/servicio-de-asistencia-tecnica-24h\/","og_site_name":"Grupo Gaherma","article_publisher":"https:\/\/www.facebook.com\/p\/Grupo-Gaherma-100063746612852\/","article_modified_time":"2021-06-15T11:07:33+00:00","twitter_card":"summary_large_image","twitter_site":"@GrupoGaherma","twitter_misc":{"Est. reading time":"1 minute"},"schema":{"@context":"https:\/\/schema.org","@graph":[{"@type":"WebPage","@id":"https:\/\/www.gaherma.com\/servicios-mantenimiento\/servicio-de-asistencia-tecnica-24h\/","url":"https:\/\/www.gaherma.com\/servicios-mantenimiento\/servicio-de-asistencia-tecnica-24h\/","name":"Servei d'Assist\u00e8ncia T\u00e8cnica 24h | Grup Gaherma","isPartOf":{"@id":"https:\/\/www.gaherma.com\/#website"},"datePublished":"2021-04-24T19:47:34+00:00","dateModified":"2021-06-15T11:07:33+00:00","description":"Oferim la possibilitat de disposar d'un servei d'assist\u00e8ncia t\u00e8cnica 24 hores, 365 dies a l'any \u2713 Sol\u00b7licita m\u00e9s informaci\u00f3","breadcrumb":{"@id":"https:\/\/www.gaherma.com\/servicios-mantenimiento\/servicio-de-asistencia-tecnica-24h\/#breadcrumb"},"inLanguage":"ca","potentialAction":[{"@type":"ReadAction","target":["https:\/\/www.gaherma.com\/servicios-mantenimiento\/servicio-de-asistencia-tecnica-24h\/"]}]},{"@type":"BreadcrumbList","@id":"https:\/\/www.gaherma.com\/servicios-mantenimiento\/servicio-de-asistencia-tecnica-24h\/#breadcrumb","itemListElement":[{"@type":"ListItem","position":1,"name":"Portada","item":"https:\/\/www.gaherma.com\/ca\/"},{"@type":"ListItem","position":2,"name":"Serveis Manteniment","item":"https:\/\/www.gaherma.com\/servicios-mantenimiento\/"},{"@type":"ListItem","position":3,"name":"Servei d\u2019assist\u00e8ncia t\u00e8cnica 24h"}]},{"@type":"WebSite","@id":"https:\/\/www.gaherma.com\/#website","url":"https:\/\/www.gaherma.com\/","name":"Grupo Gaherma","description":"Soluciones de Mantenimiento e Ingenier\u00eda","publisher":{"@id":"https:\/\/www.gaherma.com\/#organization"},"potentialAction":[{"@type":"SearchAction","target":{"@type":"EntryPoint","urlTemplate":"https:\/\/www.gaherma.com\/?s={search_term_string}"},"query-input":{"@type":"PropertyValueSpecification","valueRequired":true,"valueName":"search_term_string"}}],"inLanguage":"ca"},{"@type":"Organization","@id":"https:\/\/www.gaherma.com\/#organization","name":"Gaherma Barcelona SL","url":"https:\/\/www.gaherma.com\/","logo":{"@type":"ImageObject","inLanguage":"ca","@id":"https:\/\/www.gaherma.com\/#\/schema\/logo\/image\/","url":"https:\/\/www.gaherma.com\/wp-content\/uploads\/2021\/01\/logo-gaherma.svg","contentUrl":"https:\/\/www.gaherma.com\/wp-content\/uploads\/2021\/01\/logo-gaherma.svg","caption":"Gaherma Barcelona SL"},"image":{"@id":"https:\/\/www.gaherma.com\/#\/schema\/logo\/image\/"},"sameAs":["https:\/\/www.facebook.com\/p\/Grupo-Gaherma-100063746612852\/","https:\/\/x.com\/GrupoGaherma","https:\/\/www.linkedin.com\/company\/grupo-gaherma\/","https:\/\/www.instagram.com\/grupogaherma\/","https:\/\/www.youtube.com\/channel\/UCG-kSTy5CI0KyH2N8NwuMwQ"]}]}},"_links":{"self":[{"href":"https:\/\/www.gaherma.com\/ca\/wp-json\/wp\/v2\/pages\/2328","targetHints":{"allow":["GET"]}}],"collection":[{"href":"https:\/\/www.gaherma.com\/ca\/wp-json\/wp\/v2\/pages"}],"about":[{"href":"https:\/\/www.gaherma.com\/ca\/wp-json\/wp\/v2\/types\/page"}],"author":[{"embeddable":true,"href":"https:\/\/www.gaherma.com\/ca\/wp-json\/wp\/v2\/users\/3"}],"replies":[{"embeddable":true,"href":"https:\/\/www.gaherma.com\/ca\/wp-json\/wp\/v2\/comments?post=2328"}],"version-history":[{"count":4,"href":"https:\/\/www.gaherma.com\/ca\/wp-json\/wp\/v2\/pages\/2328\/revisions"}],"predecessor-version":[{"id":2909,"href":"https:\/\/www.gaherma.com\/ca\/wp-json\/wp\/v2\/pages\/2328\/revisions\/2909"}],"up":[{"embeddable":true,"href":"https:\/\/www.gaherma.com\/ca\/wp-json\/wp\/v2\/pages\/2313"}],"wp:attachment":[{"href":"https:\/\/www.gaherma.com\/ca\/wp-json\/wp\/v2\/media?parent=2328"}],"curies":[{"name":"wp","href":"https:\/\/api.w.org\/{rel}","templated":true}]}}