{"id":2313,"date":"2021-04-24T19:13:03","date_gmt":"2021-04-24T19:13:03","guid":{"rendered":"https:\/\/www.gaherma.com\/serveis-manteniment\/"},"modified":"2026-03-11T10:35:11","modified_gmt":"2026-03-11T10:35:11","slug":"serveis-manteniment","status":"publish","type":"page","link":"https:\/\/www.gaherma.com\/ca\/serveis-manteniment\/","title":{"rendered":"Serveis Manteniment"},"content":{"rendered":"\t\t<div data-elementor-type=\"wp-page\" data-elementor-id=\"2313\" class=\"elementor elementor-2313 elementor-68\" data-elementor-post-type=\"page\">\n\t\t\t\t\t\t<section class=\"elementor-section elementor-top-section elementor-element elementor-element-6fe3cb9 elementor-section-boxed elementor-section-height-default elementor-section-height-default\" data-id=\"6fe3cb9\" data-element_type=\"section\" data-e-type=\"section\">\n\t\t\t\t\t\t<div class=\"elementor-container elementor-column-gap-default\">\n\t\t\t\t\t<div class=\"elementor-column elementor-col-50 elementor-top-column elementor-element elementor-element-526ef35\" data-id=\"526ef35\" data-element_type=\"column\" data-e-type=\"column\">\n\t\t\t<div class=\"elementor-widget-wrap elementor-element-populated\">\n\t\t\t\t\t\t<div class=\"elementor-element elementor-element-2093788 elementor-widget elementor-widget-heading\" data-id=\"2093788\" data-element_type=\"widget\" data-e-type=\"widget\" data-widget_type=\"heading.default\">\n\t\t\t\t<div class=\"elementor-widget-container\">\n\t\t\t\t\t<h1 class=\"elementor-heading-title elementor-size-default\">Serveis de manteniment industrial per a instal\u00b7lacions i maquin\u00e0ria<\/h1>\t\t\t\t<\/div>\n\t\t\t\t<\/div>\n\t\t\t\t<div class=\"elementor-element elementor-element-7445fc9 elementor-widget elementor-widget-heading\" data-id=\"7445fc9\" data-element_type=\"widget\" data-e-type=\"widget\" data-widget_type=\"heading.default\">\n\t\t\t\t<div class=\"elementor-widget-container\">\n\t\t\t\t\t<h2 class=\"elementor-heading-title elementor-size-default\">Serveis<\/h2>\t\t\t\t<\/div>\n\t\t\t\t<\/div>\n\t\t\t\t<div class=\"elementor-element elementor-element-ed593d9 elementor-widget elementor-widget-heading\" data-id=\"ed593d9\" data-element_type=\"widget\" data-e-type=\"widget\" data-widget_type=\"heading.default\">\n\t\t\t\t<div class=\"elementor-widget-container\">\n\t\t\t\t\t<h3 class=\"elementor-heading-title elementor-size-default\">Manteniment<\/h3>\t\t\t\t<\/div>\n\t\t\t\t<\/div>\n\t\t\t\t<div class=\"elementor-element elementor-element-7bdfbdc elementor-widget elementor-widget-text-editor\" data-id=\"7bdfbdc\" data-element_type=\"widget\" data-e-type=\"widget\" data-widget_type=\"text-editor.default\">\n\t\t\t\t<div class=\"elementor-widget-container\">\n\t\t\t\t\t\t\t\t\t<p>A Gaherma som especialistes en serveis de manteniment d&#8217;instal\u00b7lacions i mec\u00e0nic el\u00e8ctric, a m\u00e9s de donar suport en l\u2019assist\u00e8ncia i la posta en marxa.<\/p>\n\t\t\t\t\t\t\t\t<\/div>\n\t\t\t\t<\/div>\n\t\t\t\t\t<\/div>\n\t\t<\/div>\n\t\t\t\t<div class=\"elementor-column elementor-col-50 elementor-top-column elementor-element elementor-element-83d26e2\" data-id=\"83d26e2\" data-element_type=\"column\" data-e-type=\"column\">\n\t\t\t<div class=\"elementor-widget-wrap\">\n\t\t\t\t\t\t\t<\/div>\n\t\t<\/div>\n\t\t\t\t\t<\/div>\n\t\t<\/section>\n\t\t\t\t<section class=\"elementor-section elementor-top-section elementor-element elementor-element-0d630f0 elementor-section-boxed elementor-section-height-default elementor-section-height-default\" data-id=\"0d630f0\" data-element_type=\"section\" data-e-type=\"section\">\n\t\t\t\t\t\t<div class=\"elementor-container elementor-column-gap-default\">\n\t\t\t\t\t<div class=\"elementor-column elementor-col-50 elementor-top-column elementor-element elementor-element-1e8b955\" data-id=\"1e8b955\" data-element_type=\"column\" data-e-type=\"column\" data-settings=\"{&quot;background_background&quot;:&quot;classic&quot;}\">\n\t\t\t<div class=\"elementor-widget-wrap elementor-element-populated\">\n\t\t\t\t\t<div class=\"elementor-background-overlay\"><\/div>\n\t\t\t\t\t\t<div class=\"elementor-element elementor-element-0808a64 elementor-widget elementor-widget-spacer\" data-id=\"0808a64\" data-element_type=\"widget\" data-e-type=\"widget\" data-widget_type=\"spacer.default\">\n\t\t\t\t<div class=\"elementor-widget-container\">\n\t\t\t\t\t\t\t<div class=\"elementor-spacer\">\n\t\t\t<div class=\"elementor-spacer-inner\"><\/div>\n\t\t<\/div>\n\t\t\t\t\t\t<\/div>\n\t\t\t\t<\/div>\n\t\t\t\t<section class=\"elementor-section elementor-inner-section elementor-element elementor-element-372f3c4 elementor-section-boxed elementor-section-height-default elementor-section-height-default\" data-id=\"372f3c4\" data-element_type=\"section\" data-e-type=\"section\" data-settings=\"{&quot;background_background&quot;:&quot;classic&quot;}\">\n\t\t\t\t\t\t<div class=\"elementor-container elementor-column-gap-default\">\n\t\t\t\t\t<div class=\"elementor-column elementor-col-100 elementor-inner-column elementor-element elementor-element-80b7377\" data-id=\"80b7377\" data-element_type=\"column\" data-e-type=\"column\" data-settings=\"{&quot;background_background&quot;:&quot;classic&quot;}\">\n\t\t\t<div class=\"elementor-widget-wrap elementor-element-populated\">\n\t\t\t\t\t\t<div class=\"elementor-element elementor-element-dae574d elementor-widget elementor-widget-heading\" data-id=\"dae574d\" data-element_type=\"widget\" data-e-type=\"widget\" data-widget_type=\"heading.default\">\n\t\t\t\t<div class=\"elementor-widget-container\">\n\t\t\t\t\t<h3 class=\"elementor-heading-title elementor-size-default\">Manteniment mec\u00e0nic el\u00e8ctric<\/h3>\t\t\t\t<\/div>\n\t\t\t\t<\/div>\n\t\t\t\t<div class=\"elementor-element elementor-element-74f8f85 elementor-widget elementor-widget-text-editor\" data-id=\"74f8f85\" data-element_type=\"widget\" data-e-type=\"widget\" data-widget_type=\"text-editor.default\">\n\t\t\t\t<div class=\"elementor-widget-container\">\n\t\t\t\t\t\t\t\t\t<p>El nostre servei de manteniment t\u00e9 com a objectiu optimitzar tant l\u2019equipament com els recursos humans, evitant les possibles averies o errors. <\/p>\n\t\t\t\t\t\t\t\t<\/div>\n\t\t\t\t<\/div>\n\t\t\t\t<div class=\"elementor-element elementor-element-18a7936 elementor-align-left elementor-widget elementor-widget-button\" data-id=\"18a7936\" data-element_type=\"widget\" data-e-type=\"widget\" data-widget_type=\"button.default\">\n\t\t\t\t<div class=\"elementor-widget-container\">\n\t\t\t\t\t\t\t\t\t<div class=\"elementor-button-wrapper\">\n\t\t\t\t\t<a class=\"elementor-button elementor-button-link elementor-size-sm\" href=\"https:\/\/gaherma.com\/ca\/serveis-manteniment\/manteniment-mecanic-electric\/\" target=\"_blank\" rel=\"nofollow\">\n\t\t\t\t\t\t<span class=\"elementor-button-content-wrapper\">\n\t\t\t\t\t\t\t\t\t<span class=\"elementor-button-text\">LLEGIR M\u00c9S<\/span>\n\t\t\t\t\t<\/span>\n\t\t\t\t\t<\/a>\n\t\t\t\t<\/div>\n\t\t\t\t\t\t\t\t<\/div>\n\t\t\t\t<\/div>\n\t\t\t\t\t<\/div>\n\t\t<\/div>\n\t\t\t\t\t<\/div>\n\t\t<\/section>\n\t\t\t\t\t<\/div>\n\t\t<\/div>\n\t\t\t\t<div class=\"elementor-column elementor-col-50 elementor-top-column elementor-element elementor-element-20787eb\" data-id=\"20787eb\" data-element_type=\"column\" data-e-type=\"column\" data-settings=\"{&quot;background_background&quot;:&quot;classic&quot;}\">\n\t\t\t<div class=\"elementor-widget-wrap elementor-element-populated\">\n\t\t\t\t\t<div class=\"elementor-background-overlay\"><\/div>\n\t\t\t\t\t\t<div class=\"elementor-element elementor-element-8af1fc6 elementor-widget elementor-widget-spacer\" data-id=\"8af1fc6\" data-element_type=\"widget\" data-e-type=\"widget\" data-widget_type=\"spacer.default\">\n\t\t\t\t<div class=\"elementor-widget-container\">\n\t\t\t\t\t\t\t<div class=\"elementor-spacer\">\n\t\t\t<div class=\"elementor-spacer-inner\"><\/div>\n\t\t<\/div>\n\t\t\t\t\t\t<\/div>\n\t\t\t\t<\/div>\n\t\t\t\t<section class=\"elementor-section elementor-inner-section elementor-element elementor-element-53fc45f elementor-section-boxed elementor-section-height-default elementor-section-height-default\" data-id=\"53fc45f\" data-element_type=\"section\" data-e-type=\"section\" data-settings=\"{&quot;background_background&quot;:&quot;classic&quot;}\">\n\t\t\t\t\t\t<div class=\"elementor-container elementor-column-gap-default\">\n\t\t\t\t\t<div class=\"elementor-column elementor-col-100 elementor-inner-column elementor-element elementor-element-5509251\" data-id=\"5509251\" data-element_type=\"column\" data-e-type=\"column\" data-settings=\"{&quot;background_background&quot;:&quot;classic&quot;}\">\n\t\t\t<div class=\"elementor-widget-wrap elementor-element-populated\">\n\t\t\t\t\t\t<div class=\"elementor-element elementor-element-1b1cc43 elementor-widget elementor-widget-heading\" data-id=\"1b1cc43\" data-element_type=\"widget\" data-e-type=\"widget\" data-widget_type=\"heading.default\">\n\t\t\t\t<div class=\"elementor-widget-container\">\n\t\t\t\t\t<h3 class=\"elementor-heading-title elementor-size-default\">Parades t\u00e8cniques i assist\u00e8ncia en posta en marxa<\/h3>\t\t\t\t<\/div>\n\t\t\t\t<\/div>\n\t\t\t\t<div class=\"elementor-element elementor-element-353a82f elementor-widget elementor-widget-text-editor\" data-id=\"353a82f\" data-element_type=\"widget\" data-e-type=\"widget\" data-widget_type=\"text-editor.default\">\n\t\t\t\t<div class=\"elementor-widget-container\">\n\t\t\t\t\t\t\t\t\t<p>Oferim una assist\u00e8ncia completa, amb revisi\u00f3, posta a punt i manteniment d&#8217;equipaments i instal\u00b7lacions.<br \/><br \/><\/p>\t\t\t\t\t\t\t\t<\/div>\n\t\t\t\t<\/div>\n\t\t\t\t<div class=\"elementor-element elementor-element-2676961 elementor-align-left elementor-widget elementor-widget-button\" data-id=\"2676961\" data-element_type=\"widget\" data-e-type=\"widget\" data-widget_type=\"button.default\">\n\t\t\t\t<div class=\"elementor-widget-container\">\n\t\t\t\t\t\t\t\t\t<div class=\"elementor-button-wrapper\">\n\t\t\t\t\t<a class=\"elementor-button elementor-button-link elementor-size-sm\" href=\"https:\/\/gaherma.com\/ca\/serveis-manteniment\/parades-tecniques-i-assistencia-en-posta-en-marxa\/\" target=\"_blank\" rel=\"nofollow\">\n\t\t\t\t\t\t<span class=\"elementor-button-content-wrapper\">\n\t\t\t\t\t\t\t\t\t<span class=\"elementor-button-text\">LLEGIR M\u00c9S<\/span>\n\t\t\t\t\t<\/span>\n\t\t\t\t\t<\/a>\n\t\t\t\t<\/div>\n\t\t\t\t\t\t\t\t<\/div>\n\t\t\t\t<\/div>\n\t\t\t\t\t<\/div>\n\t\t<\/div>\n\t\t\t\t\t<\/div>\n\t\t<\/section>\n\t\t\t\t\t<\/div>\n\t\t<\/div>\n\t\t\t\t\t<\/div>\n\t\t<\/section>\n\t\t\t\t<section class=\"elementor-section elementor-top-section elementor-element elementor-element-c5058fa elementor-section-boxed elementor-section-height-default elementor-section-height-default\" data-id=\"c5058fa\" data-element_type=\"section\" data-e-type=\"section\">\n\t\t\t\t\t\t<div class=\"elementor-container elementor-column-gap-default\">\n\t\t\t\t\t<div class=\"elementor-column elementor-col-50 elementor-top-column elementor-element elementor-element-23e120e\" data-id=\"23e120e\" data-element_type=\"column\" data-e-type=\"column\" data-settings=\"{&quot;background_background&quot;:&quot;classic&quot;}\">\n\t\t\t<div class=\"elementor-widget-wrap elementor-element-populated\">\n\t\t\t\t\t<div class=\"elementor-background-overlay\"><\/div>\n\t\t\t\t\t\t<div class=\"elementor-element elementor-element-19cc869 elementor-widget elementor-widget-spacer\" data-id=\"19cc869\" data-element_type=\"widget\" data-e-type=\"widget\" data-widget_type=\"spacer.default\">\n\t\t\t\t<div class=\"elementor-widget-container\">\n\t\t\t\t\t\t\t<div class=\"elementor-spacer\">\n\t\t\t<div class=\"elementor-spacer-inner\"><\/div>\n\t\t<\/div>\n\t\t\t\t\t\t<\/div>\n\t\t\t\t<\/div>\n\t\t\t\t<section class=\"elementor-section elementor-inner-section elementor-element elementor-element-343aa21 elementor-section-boxed elementor-section-height-default elementor-section-height-default\" data-id=\"343aa21\" data-element_type=\"section\" data-e-type=\"section\" data-settings=\"{&quot;background_background&quot;:&quot;classic&quot;}\">\n\t\t\t\t\t\t<div class=\"elementor-container elementor-column-gap-default\">\n\t\t\t\t\t<div class=\"elementor-column elementor-col-100 elementor-inner-column elementor-element elementor-element-e660319\" data-id=\"e660319\" data-element_type=\"column\" data-e-type=\"column\" data-settings=\"{&quot;background_background&quot;:&quot;classic&quot;}\">\n\t\t\t<div class=\"elementor-widget-wrap elementor-element-populated\">\n\t\t\t\t\t\t<div class=\"elementor-element elementor-element-336d81c elementor-widget elementor-widget-heading\" data-id=\"336d81c\" data-element_type=\"widget\" data-e-type=\"widget\" data-widget_type=\"heading.default\">\n\t\t\t\t<div class=\"elementor-widget-container\">\n\t\t\t\t\t<h3 class=\"elementor-heading-title elementor-size-default\">Servei d\u2019assist\u00e8ncia t\u00e8cnica 24h<\/h3>\t\t\t\t<\/div>\n\t\t\t\t<\/div>\n\t\t\t\t<div class=\"elementor-element elementor-element-1468e58 elementor-widget elementor-widget-text-editor\" data-id=\"1468e58\" data-element_type=\"widget\" data-e-type=\"widget\" data-widget_type=\"text-editor.default\">\n\t\t\t\t<div class=\"elementor-widget-container\">\n\t\t\t\t\t\t\t\t\t<p>Oferim als nostres clients un servei d\u2019assist\u00e8ncia t\u00e8cnica complet, les 24 hores del dia, durant tot l\u2019any.<br \/><br \/><\/p>\t\t\t\t\t\t\t\t<\/div>\n\t\t\t\t<\/div>\n\t\t\t\t<div class=\"elementor-element elementor-element-7c1a9eb elementor-align-left elementor-widget elementor-widget-button\" data-id=\"7c1a9eb\" data-element_type=\"widget\" data-e-type=\"widget\" data-widget_type=\"button.default\">\n\t\t\t\t<div class=\"elementor-widget-container\">\n\t\t\t\t\t\t\t\t\t<div class=\"elementor-button-wrapper\">\n\t\t\t\t\t<a class=\"elementor-button elementor-button-link elementor-size-sm\" href=\"https:\/\/gaherma.com\/ca\/serveis-manteniment\/servei-dassistencia-tecnica-24h\/\" target=\"_blank\" rel=\"nofollow\">\n\t\t\t\t\t\t<span class=\"elementor-button-content-wrapper\">\n\t\t\t\t\t\t\t\t\t<span class=\"elementor-button-text\">LLEGIR M\u00c9S<\/span>\n\t\t\t\t\t<\/span>\n\t\t\t\t\t<\/a>\n\t\t\t\t<\/div>\n\t\t\t\t\t\t\t\t<\/div>\n\t\t\t\t<\/div>\n\t\t\t\t\t<\/div>\n\t\t<\/div>\n\t\t\t\t\t<\/div>\n\t\t<\/section>\n\t\t\t\t\t<\/div>\n\t\t<\/div>\n\t\t\t\t<div class=\"elementor-column elementor-col-50 elementor-top-column elementor-element elementor-element-51025ee\" data-id=\"51025ee\" data-element_type=\"column\" data-e-type=\"column\" data-settings=\"{&quot;background_background&quot;:&quot;classic&quot;}\">\n\t\t\t<div class=\"elementor-widget-wrap elementor-element-populated\">\n\t\t\t\t\t<div class=\"elementor-background-overlay\"><\/div>\n\t\t\t\t\t\t<div class=\"elementor-element elementor-element-1671b3a elementor-widget elementor-widget-spacer\" data-id=\"1671b3a\" data-element_type=\"widget\" data-e-type=\"widget\" data-widget_type=\"spacer.default\">\n\t\t\t\t<div class=\"elementor-widget-container\">\n\t\t\t\t\t\t\t<div class=\"elementor-spacer\">\n\t\t\t<div class=\"elementor-spacer-inner\"><\/div>\n\t\t<\/div>\n\t\t\t\t\t\t<\/div>\n\t\t\t\t<\/div>\n\t\t\t\t<section class=\"elementor-section elementor-inner-section elementor-element elementor-element-86b4dec elementor-section-boxed elementor-section-height-default elementor-section-height-default\" data-id=\"86b4dec\" data-element_type=\"section\" data-e-type=\"section\" data-settings=\"{&quot;background_background&quot;:&quot;classic&quot;}\">\n\t\t\t\t\t\t<div class=\"elementor-container elementor-column-gap-default\">\n\t\t\t\t\t<div class=\"elementor-column elementor-col-100 elementor-inner-column elementor-element elementor-element-2f231a7\" data-id=\"2f231a7\" data-element_type=\"column\" data-e-type=\"column\" data-settings=\"{&quot;background_background&quot;:&quot;classic&quot;}\">\n\t\t\t<div class=\"elementor-widget-wrap elementor-element-populated\">\n\t\t\t\t\t\t<div class=\"elementor-element elementor-element-a167354 elementor-widget elementor-widget-heading\" data-id=\"a167354\" data-element_type=\"widget\" data-e-type=\"widget\" data-widget_type=\"heading.default\">\n\t\t\t\t<div class=\"elementor-widget-container\">\n\t\t\t\t\t<h3 class=\"elementor-heading-title elementor-size-default\">Facility Services<\/h3>\t\t\t\t<\/div>\n\t\t\t\t<\/div>\n\t\t\t\t<div class=\"elementor-element elementor-element-b015f65 elementor-widget elementor-widget-text-editor\" data-id=\"b015f65\" data-element_type=\"widget\" data-e-type=\"widget\" data-widget_type=\"text-editor.default\">\n\t\t\t\t<div class=\"elementor-widget-container\">\n\t\t\t\t\t\t\t\t\t<p>Una divisi\u00f3 de serveis on la principal activitat es desenvolupa als camps del manteniment preventiu, correctiu, conductiu, predictiu, t\u00e8cnic legal i instal\u00b7lacions integrals dels diferents sectors del mercat. <\/p>\n\t\t\t\t\t\t\t\t<\/div>\n\t\t\t\t<\/div>\n\t\t\t\t<div class=\"elementor-element elementor-element-38302fb elementor-align-left elementor-widget elementor-widget-button\" data-id=\"38302fb\" data-element_type=\"widget\" data-e-type=\"widget\" data-widget_type=\"button.default\">\n\t\t\t\t<div class=\"elementor-widget-container\">\n\t\t\t\t\t\t\t\t\t<div class=\"elementor-button-wrapper\">\n\t\t\t\t\t<a class=\"elementor-button elementor-button-link elementor-size-sm\" href=\"https:\/\/gaherma.com\/ca\/serveis-manteniment\/facility-services\/\" target=\"_blank\" rel=\"nofollow\">\n\t\t\t\t\t\t<span class=\"elementor-button-content-wrapper\">\n\t\t\t\t\t\t\t\t\t<span class=\"elementor-button-text\">LLEGIR M\u00c9S<\/span>\n\t\t\t\t\t<\/span>\n\t\t\t\t\t<\/a>\n\t\t\t\t<\/div>\n\t\t\t\t\t\t\t\t<\/div>\n\t\t\t\t<\/div>\n\t\t\t\t\t<\/div>\n\t\t<\/div>\n\t\t\t\t\t<\/div>\n\t\t<\/section>\n\t\t\t\t\t<\/div>\n\t\t<\/div>\n\t\t\t\t\t<\/div>\n\t\t<\/section>\n\t\t\t\t<\/div>\n\t\t","protected":false},"excerpt":{"rendered":"<p>Serveis de manteniment industrial per a instal\u00b7lacions i maquin\u00e0ria Serveis Manteniment A Gaherma som especialistes en serveis de manteniment d&#8217;instal\u00b7lacions i mec\u00e0nic el\u00e8ctric, a m\u00e9s de donar suport en l\u2019assist\u00e8ncia i la posta en marxa. Manteniment mec\u00e0nic el\u00e8ctric El nostre servei de manteniment t\u00e9 com a objectiu optimitzar tant l\u2019equipament com els recursos humans, evitant [&hellip;]<\/p>\n","protected":false},"author":3,"featured_media":0,"parent":0,"menu_order":0,"comment_status":"closed","ping_status":"closed","template":"","meta":{"_eb_attr":"","inline_featured_image":false,"footnotes":""},"class_list":["post-2313","page","type-page","status-publish","hentry"],"yoast_head":"<!-- This site is optimized with the Yoast SEO plugin v27.4 - https:\/\/yoast.com\/product\/yoast-seo-wordpress\/ -->\n<title>Serveis Manteniment Industrial | Grup Gaherma<\/title>\n<meta name=\"description\" content=\"Gaherma \u2713 30 anys d&#039;experi\u00e8ncia en Serveis i Manteniment Industrial \u2713 Equip professional i especialitzat en serveis de manteniment.\" \/>\n<meta name=\"robots\" content=\"index, follow, max-snippet:-1, max-image-preview:large, max-video-preview:-1\" \/>\n<link rel=\"canonical\" href=\"https:\/\/www.gaherma.com\/servicios-mantenimiento\/\" \/>\n<meta property=\"og:locale\" content=\"ca_ES\" \/>\n<meta property=\"og:type\" content=\"article\" \/>\n<meta property=\"og:title\" content=\"Serveis Manteniment Industrial | Grup Gaherma\" \/>\n<meta property=\"og:description\" content=\"Gaherma \u2713 30 anys d&#039;experi\u00e8ncia en Serveis i Manteniment Industrial \u2713 Equip professional i especialitzat en serveis de manteniment.\" \/>\n<meta property=\"og:url\" content=\"https:\/\/www.gaherma.com\/servicios-mantenimiento\/\" \/>\n<meta property=\"og:site_name\" content=\"Grupo Gaherma\" \/>\n<meta property=\"article:publisher\" content=\"https:\/\/www.facebook.com\/p\/Grupo-Gaherma-100063746612852\/\" \/>\n<meta property=\"article:modified_time\" content=\"2026-03-11T10:35:11+00:00\" \/>\n<meta name=\"twitter:card\" content=\"summary_large_image\" \/>\n<meta name=\"twitter:site\" content=\"@GrupoGaherma\" \/>\n<meta name=\"twitter:label1\" content=\"Est. reading time\" \/>\n\t<meta name=\"twitter:data1\" content=\"1 minute\" \/>\n<script type=\"application\/ld+json\" class=\"yoast-schema-graph\">{\"@context\":\"https:\\\/\\\/schema.org\",\"@graph\":[{\"@type\":\"WebPage\",\"@id\":\"https:\\\/\\\/www.gaherma.com\\\/servicios-mantenimiento\\\/\",\"url\":\"https:\\\/\\\/www.gaherma.com\\\/servicios-mantenimiento\\\/\",\"name\":\"Serveis Manteniment Industrial | Grup Gaherma\",\"isPartOf\":{\"@id\":\"https:\\\/\\\/www.gaherma.com\\\/#website\"},\"datePublished\":\"2021-04-24T19:13:03+00:00\",\"dateModified\":\"2026-03-11T10:35:11+00:00\",\"description\":\"Gaherma \u2713 30 anys d'experi\u00e8ncia en Serveis i Manteniment Industrial \u2713 Equip professional i especialitzat en serveis de manteniment.\",\"breadcrumb\":{\"@id\":\"https:\\\/\\\/www.gaherma.com\\\/servicios-mantenimiento\\\/#breadcrumb\"},\"inLanguage\":\"ca\",\"potentialAction\":[{\"@type\":\"ReadAction\",\"target\":[\"https:\\\/\\\/www.gaherma.com\\\/servicios-mantenimiento\\\/\"]}]},{\"@type\":\"BreadcrumbList\",\"@id\":\"https:\\\/\\\/www.gaherma.com\\\/servicios-mantenimiento\\\/#breadcrumb\",\"itemListElement\":[{\"@type\":\"ListItem\",\"position\":1,\"name\":\"Portada\",\"item\":\"https:\\\/\\\/www.gaherma.com\\\/ca\\\/\"},{\"@type\":\"ListItem\",\"position\":2,\"name\":\"Serveis Manteniment\"}]},{\"@type\":\"WebSite\",\"@id\":\"https:\\\/\\\/www.gaherma.com\\\/#website\",\"url\":\"https:\\\/\\\/www.gaherma.com\\\/\",\"name\":\"Grupo Gaherma\",\"description\":\"Soluciones de Mantenimiento e Ingenier\u00eda\",\"publisher\":{\"@id\":\"https:\\\/\\\/www.gaherma.com\\\/#organization\"},\"potentialAction\":[{\"@type\":\"SearchAction\",\"target\":{\"@type\":\"EntryPoint\",\"urlTemplate\":\"https:\\\/\\\/www.gaherma.com\\\/?s={search_term_string}\"},\"query-input\":{\"@type\":\"PropertyValueSpecification\",\"valueRequired\":true,\"valueName\":\"search_term_string\"}}],\"inLanguage\":\"ca\"},{\"@type\":\"Organization\",\"@id\":\"https:\\\/\\\/www.gaherma.com\\\/#organization\",\"name\":\"Gaherma Barcelona SL\",\"url\":\"https:\\\/\\\/www.gaherma.com\\\/\",\"logo\":{\"@type\":\"ImageObject\",\"inLanguage\":\"ca\",\"@id\":\"https:\\\/\\\/www.gaherma.com\\\/#\\\/schema\\\/logo\\\/image\\\/\",\"url\":\"https:\\\/\\\/www.gaherma.com\\\/wp-content\\\/uploads\\\/2021\\\/01\\\/logo-gaherma.svg\",\"contentUrl\":\"https:\\\/\\\/www.gaherma.com\\\/wp-content\\\/uploads\\\/2021\\\/01\\\/logo-gaherma.svg\",\"caption\":\"Gaherma Barcelona SL\"},\"image\":{\"@id\":\"https:\\\/\\\/www.gaherma.com\\\/#\\\/schema\\\/logo\\\/image\\\/\"},\"sameAs\":[\"https:\\\/\\\/www.facebook.com\\\/p\\\/Grupo-Gaherma-100063746612852\\\/\",\"https:\\\/\\\/x.com\\\/GrupoGaherma\",\"https:\\\/\\\/www.linkedin.com\\\/company\\\/grupo-gaherma\\\/\",\"https:\\\/\\\/www.instagram.com\\\/grupogaherma\\\/\",\"https:\\\/\\\/www.youtube.com\\\/channel\\\/UCG-kSTy5CI0KyH2N8NwuMwQ\"]}]}<\/script>\n<!-- \/ Yoast SEO plugin. -->","yoast_head_json":{"title":"Serveis Manteniment Industrial | Grup Gaherma","description":"Gaherma \u2713 30 anys d'experi\u00e8ncia en Serveis i Manteniment Industrial \u2713 Equip professional i especialitzat en serveis de manteniment.","robots":{"index":"index","follow":"follow","max-snippet":"max-snippet:-1","max-image-preview":"max-image-preview:large","max-video-preview":"max-video-preview:-1"},"canonical":"https:\/\/www.gaherma.com\/servicios-mantenimiento\/","og_locale":"ca_ES","og_type":"article","og_title":"Serveis Manteniment Industrial | Grup Gaherma","og_description":"Gaherma \u2713 30 anys d'experi\u00e8ncia en Serveis i Manteniment Industrial \u2713 Equip professional i especialitzat en serveis de manteniment.","og_url":"https:\/\/www.gaherma.com\/servicios-mantenimiento\/","og_site_name":"Grupo Gaherma","article_publisher":"https:\/\/www.facebook.com\/p\/Grupo-Gaherma-100063746612852\/","article_modified_time":"2026-03-11T10:35:11+00:00","twitter_card":"summary_large_image","twitter_site":"@GrupoGaherma","twitter_misc":{"Est. reading time":"1 minute"},"schema":{"@context":"https:\/\/schema.org","@graph":[{"@type":"WebPage","@id":"https:\/\/www.gaherma.com\/servicios-mantenimiento\/","url":"https:\/\/www.gaherma.com\/servicios-mantenimiento\/","name":"Serveis Manteniment Industrial | Grup Gaherma","isPartOf":{"@id":"https:\/\/www.gaherma.com\/#website"},"datePublished":"2021-04-24T19:13:03+00:00","dateModified":"2026-03-11T10:35:11+00:00","description":"Gaherma \u2713 30 anys d'experi\u00e8ncia en Serveis i Manteniment Industrial \u2713 Equip professional i especialitzat en serveis de manteniment.","breadcrumb":{"@id":"https:\/\/www.gaherma.com\/servicios-mantenimiento\/#breadcrumb"},"inLanguage":"ca","potentialAction":[{"@type":"ReadAction","target":["https:\/\/www.gaherma.com\/servicios-mantenimiento\/"]}]},{"@type":"BreadcrumbList","@id":"https:\/\/www.gaherma.com\/servicios-mantenimiento\/#breadcrumb","itemListElement":[{"@type":"ListItem","position":1,"name":"Portada","item":"https:\/\/www.gaherma.com\/ca\/"},{"@type":"ListItem","position":2,"name":"Serveis Manteniment"}]},{"@type":"WebSite","@id":"https:\/\/www.gaherma.com\/#website","url":"https:\/\/www.gaherma.com\/","name":"Grupo Gaherma","description":"Soluciones de Mantenimiento e Ingenier\u00eda","publisher":{"@id":"https:\/\/www.gaherma.com\/#organization"},"potentialAction":[{"@type":"SearchAction","target":{"@type":"EntryPoint","urlTemplate":"https:\/\/www.gaherma.com\/?s={search_term_string}"},"query-input":{"@type":"PropertyValueSpecification","valueRequired":true,"valueName":"search_term_string"}}],"inLanguage":"ca"},{"@type":"Organization","@id":"https:\/\/www.gaherma.com\/#organization","name":"Gaherma Barcelona SL","url":"https:\/\/www.gaherma.com\/","logo":{"@type":"ImageObject","inLanguage":"ca","@id":"https:\/\/www.gaherma.com\/#\/schema\/logo\/image\/","url":"https:\/\/www.gaherma.com\/wp-content\/uploads\/2021\/01\/logo-gaherma.svg","contentUrl":"https:\/\/www.gaherma.com\/wp-content\/uploads\/2021\/01\/logo-gaherma.svg","caption":"Gaherma Barcelona SL"},"image":{"@id":"https:\/\/www.gaherma.com\/#\/schema\/logo\/image\/"},"sameAs":["https:\/\/www.facebook.com\/p\/Grupo-Gaherma-100063746612852\/","https:\/\/x.com\/GrupoGaherma","https:\/\/www.linkedin.com\/company\/grupo-gaherma\/","https:\/\/www.instagram.com\/grupogaherma\/","https:\/\/www.youtube.com\/channel\/UCG-kSTy5CI0KyH2N8NwuMwQ"]}]}},"_links":{"self":[{"href":"https:\/\/www.gaherma.com\/ca\/wp-json\/wp\/v2\/pages\/2313","targetHints":{"allow":["GET"]}}],"collection":[{"href":"https:\/\/www.gaherma.com\/ca\/wp-json\/wp\/v2\/pages"}],"about":[{"href":"https:\/\/www.gaherma.com\/ca\/wp-json\/wp\/v2\/types\/page"}],"author":[{"embeddable":true,"href":"https:\/\/www.gaherma.com\/ca\/wp-json\/wp\/v2\/users\/3"}],"replies":[{"embeddable":true,"href":"https:\/\/www.gaherma.com\/ca\/wp-json\/wp\/v2\/comments?post=2313"}],"version-history":[{"count":11,"href":"https:\/\/www.gaherma.com\/ca\/wp-json\/wp\/v2\/pages\/2313\/revisions"}],"predecessor-version":[{"id":3627,"href":"https:\/\/www.gaherma.com\/ca\/wp-json\/wp\/v2\/pages\/2313\/revisions\/3627"}],"wp:attachment":[{"href":"https:\/\/www.gaherma.com\/ca\/wp-json\/wp\/v2\/media?parent=2313"}],"curies":[{"name":"wp","href":"https:\/\/api.w.org\/{rel}","templated":true}]}}